{"id":2027,"date":"2014-03-31T07:53:19","date_gmt":"2014-03-31T07:53:19","guid":{"rendered":"http:\/\/www.lasnereidasaltea.com\/comunidad-valenciana-2\/"},"modified":"2020-10-26T22:50:01","modified_gmt":"2020-10-26T21:50:01","slug":"comunidad-valenciana","status":"publish","type":"page","link":"https:\/\/www.lasnereidasaltea.com\/fr\/comunidad-valenciana\/","title":{"rendered":"COMMUNAUT\u00c9 VALENCIENNE"},"content":{"rendered":"<p>[vc_row][vc_column width=\u00a0\u00bb1\/1&Prime;][vc_single_image image=\u00a0\u00bb1523&Prime; img_link_target=\u00a0\u00bb_self\u00a0\u00bb img_size=\u00a0\u00bb1200&#215;550&Prime;][\/vc_column][\/vc_row][vc_row][vc_column width=\u00a0\u00bb1\/2&Prime;][vc_column_text]<\/p>\n<h2 style=\"text-align: justify;\">La Communaut\u00e9 valencienne a une grande vari\u00e9t\u00e9 architecturale et culturelle, avec des mus\u00e9es, des lieux culturels et de divertissement.<\/h2>\n<p>[\/vc_column_text][vc_column_text]<\/p>\n<p style=\"text-align: justify;\">Il est devenu sans aucun doute une destination dans la voie de l&rsquo;amateur de belles choses dans l&rsquo;artiste de l&rsquo;album. Un must.<\/p>\n<p>[\/vc_column_text][vc_column_text]<\/p>\n<p style=\"text-align: justify;\">Alicante offre des lieux d&rsquo;une grande beaut\u00e9 et Ibiza se distingue en face comme un site de r\u00e9f\u00e9rence. Soleil, sable et sel; bleu et blanc; vestiges de civilisations, les r\u00e9flexes, bord &#8230; Une terre \u00e9clectique et s\u00e9duisant. Un endroit pour se perdre.<\/p>\n<p>[\/vc_column_text][vc_column_text]<\/p>\n<p style=\"text-align: justify;\">Valence est notable pour \u00eatre la ville qui a excell\u00e9 au cours des derni\u00e8res ann\u00e9es. La ville de la mode, qui vivent dans le pass\u00e9 avec les paris les plus novateurs et avant-gardistes.<\/p>\n<p style=\"text-align: justify;\">Ainsi, le port, aliment\u00e9 par la Coupe de l&rsquo;America, ou la Cit\u00e9 des Arts et des Sciences sont des lieux o\u00f9 la modernit\u00e9 se d\u00e9place dans l&rsquo;avenir.<\/p>\n<p>[\/vc_column_text][vc_column_text]<\/p>\n<p style=\"text-align: justify;\">Et les amateurs de vitesse ont la possibilit\u00e9 de profiter du circuit europ\u00e9en le plus moderne, Circuit Ricardo Tormo de Valence, par son design et la qualit\u00e9 de ses installations.<\/p>\n<p>[\/vc_column_text][vc_row_inner][vc_column_inner width=\u00a0\u00bb1\/2&Prime;][vc_single_image image=\u00a0\u00bb2396&Prime; img_link_large=\u00a0\u00bbyes\u00a0\u00bb img_link_target=\u00a0\u00bb_self\u00a0\u00bb img_size=\u00a0\u00bb320&#215;270&Prime;][\/vc_column_inner][vc_column_inner width=\u00a0\u00bb1\/2&Prime;][vc_single_image image=\u00a0\u00bb2398&Prime; img_link_target=\u00a0\u00bb_self\u00a0\u00bb img_size=\u00a0\u00bb320&#215;270&Prime; img_link_large=\u00a0\u00bbyes\u00a0\u00bb][\/vc_column_inner][\/vc_row_inner][\/vc_column][vc_column width=\u00a0\u00bb1\/2&Prime;][vc_row_inner][vc_column_inner width=\u00a0\u00bb1\/2&Prime;][vc_single_image image=\u00a0\u00bb2399&Prime; img_link_large=\u00a0\u00bbyes\u00a0\u00bb img_link_target=\u00a0\u00bb_self\u00a0\u00bb img_size=\u00a0\u00bb320&#215;270&Prime;][vc_single_image image=\u00a0\u00bb2400&Prime; img_link_target=\u00a0\u00bb_self\u00a0\u00bb img_size=\u00a0\u00bb320&#215;270&Prime; img_link_large=\u00a0\u00bbyes\u00a0\u00bb][vc_single_image image=\u00a0\u00bb1594&Prime; img_link_large=\u00a0\u00bbyes\u00a0\u00bb img_link_target=\u00a0\u00bb_self\u00a0\u00bb img_size=\u00a0\u00bb320&#215;250&Prime;][\/vc_column_inner][vc_column_inner width=\u00a0\u00bb1\/2&Prime;][vc_single_image image=\u00a0\u00bb1593&Prime; img_link_target=\u00a0\u00bb_self\u00a0\u00bb img_size=\u00a0\u00bb320&#215;270&Prime; img_link_large=\u00a0\u00bbyes\u00a0\u00bb][vc_single_image image=\u00a0\u00bb3078&Prime; img_link_large=\u00a0\u00bbyes\u00a0\u00bb img_link_target=\u00a0\u00bb_self\u00a0\u00bb img_size=\u00a0\u00bb320&#215;250&Prime;][vc_single_image image=\u00a0\u00bb3085&Prime; img_link_target=\u00a0\u00bb_self\u00a0\u00bb img_size=\u00a0\u00bb320&#215;250&Prime; img_link_large=\u00a0\u00bbyes\u00a0\u00bb][\/vc_column_inner][\/vc_row_inner][\/vc_column][\/vc_row]<\/p>\n","protected":false},"excerpt":{"rendered":"<p>[vc_row][vc_column width=\u00a0\u00bb1\/1&Prime;][vc_single_image image=\u00a0\u00bb1523&Prime; img_link_target=\u00a0\u00bb_self\u00a0\u00bb img_size=\u00a0\u00bb1200&#215;550&Prime;][\/vc_column][\/vc_row][vc_row][vc_column width=\u00a0\u00bb1\/2&Prime;][vc_column_text] La Communaut\u00e9 valencienne a une grande vari\u00e9t\u00e9 architecturale et culturelle, avec des mus\u00e9es, des lieux culturels et de divertissement. [\/vc_column_text][vc_column_text] Il est devenu sans aucun doute une destination dans la voie de l&rsquo;amateur de belles choses dans l&rsquo;artiste de l&rsquo;album. Un must. [\/vc_column_text][vc_column_text] Alicante&#8230;<\/p>\n","protected":false},"author":1,"featured_media":0,"parent":0,"menu_order":0,"comment_status":"closed","ping_status":"closed","template":"","meta":{"_mbp_gutenberg_autopost":false,"spay_email":""},"_links":{"self":[{"href":"https:\/\/www.lasnereidasaltea.com\/fr\/wp-json\/wp\/v2\/pages\/2027"}],"collection":[{"href":"https:\/\/www.lasnereidasaltea.com\/fr\/wp-json\/wp\/v2\/pages"}],"about":[{"href":"https:\/\/www.lasnereidasaltea.com\/fr\/wp-json\/wp\/v2\/types\/page"}],"author":[{"embeddable":true,"href":"https:\/\/www.lasnereidasaltea.com\/fr\/wp-json\/wp\/v2\/users\/1"}],"replies":[{"embeddable":true,"href":"https:\/\/www.lasnereidasaltea.com\/fr\/wp-json\/wp\/v2\/comments?post=2027"}],"version-history":[{"count":8,"href":"https:\/\/www.lasnereidasaltea.com\/fr\/wp-json\/wp\/v2\/pages\/2027\/revisions"}],"predecessor-version":[{"id":3088,"href":"https:\/\/www.lasnereidasaltea.com\/fr\/wp-json\/wp\/v2\/pages\/2027\/revisions\/3088"}],"wp:attachment":[{"href":"https:\/\/www.lasnereidasaltea.com\/fr\/wp-json\/wp\/v2\/media?parent=2027"}],"curies":[{"name":"wp","href":"https:\/\/api.w.org\/{rel}","templated":true}]}}