{"id":2024,"date":"2014-03-31T07:52:44","date_gmt":"2014-03-31T07:52:44","guid":{"rendered":"http:\/\/www.lasnereidasaltea.com\/altea-2\/"},"modified":"2020-11-03T16:36:02","modified_gmt":"2020-11-03T15:36:02","slug":"altea","status":"publish","type":"page","link":"https:\/\/www.lasnereidasaltea.com\/fr\/altea\/","title":{"rendered":"ALTEA"},"content":{"rendered":"<p>[vc_row][vc_column][vc_column_text]<\/p>\n<h1 style=\"text-align: center;\">ALTEA: VILLE<\/h1>\n<p>[\/vc_column_text][\/vc_column][\/vc_row][vc_row][vc_column width=\u00a0\u00bb2\/3&Prime;][vc_row_inner][vc_column_inner width=\u00a0\u00bb1\/4&Prime;][vc_single_image image=\u00a0\u00bb1193&Prime; img_size=\u00a0\u00bb370X220&Prime; img_link_large=\u00a0\u00bbyes\u00a0\u00bb][\/vc_column_inner][vc_column_inner width=\u00a0\u00bb1\/4&Prime;][vc_single_image image=\u00a0\u00bb1179&Prime; img_size=\u00a0\u00bb370X220&Prime; img_link_large=\u00a0\u00bbyes\u00a0\u00bb][\/vc_column_inner][vc_column_inner width=\u00a0\u00bb1\/4&Prime;][vc_single_image image=\u00a0\u00bb1569&Prime; img_size=\u00a0\u00bb370&#215;280&Prime; img_link_large=\u00a0\u00bbyes\u00a0\u00bb][\/vc_column_inner][vc_column_inner width=\u00a0\u00bb1\/4&Prime;][vc_single_image image=\u00a0\u00bb1548&Prime; img_size=\u00a0\u00bb370&#215;280&Prime; img_link_large=\u00a0\u00bbyes\u00a0\u00bb][\/vc_column_inner][\/vc_row_inner][vc_row_inner][vc_column_inner width=\u00a0\u00bb1\/4&Prime;][vc_single_image image=\u00a0\u00bb1559&Prime; img_size=\u00a0\u00bb370&#215;220&Prime; img_link_large=\u00a0\u00bbyes\u00a0\u00bb][\/vc_column_inner][vc_column_inner width=\u00a0\u00bb1\/4&Prime;][vc_single_image image=\u00a0\u00bb1247&Prime; img_size=\u00a0\u00bb370&#215;220&Prime; img_link_large=\u00a0\u00bbyes\u00a0\u00bb][\/vc_column_inner][vc_column_inner width=\u00a0\u00bb1\/4&Prime;][vc_single_image image=\u00a0\u00bb1248&Prime; img_size=\u00a0\u00bb370&#215;220&Prime; img_link_large=\u00a0\u00bbyes\u00a0\u00bb][\/vc_column_inner][vc_column_inner width=\u00a0\u00bb1\/4&Prime;][vc_single_image image=\u00a0\u00bb1549&Prime; img_size=\u00a0\u00bb370&#215;220&Prime; img_link_large=\u00a0\u00bbyes\u00a0\u00bb][\/vc_column_inner][\/vc_row_inner][vc_row_inner][vc_column_inner width=\u00a0\u00bb1\/4&Prime;][vc_single_image image=\u00a0\u00bb1249&Prime; img_size=\u00a0\u00bb370&#215;220&Prime; img_link_large=\u00a0\u00bbyes\u00a0\u00bb][\/vc_column_inner][vc_column_inner width=\u00a0\u00bb1\/4&Prime;][vc_single_image image=\u00a0\u00bb1171&Prime; img_size=\u00a0\u00bb370&#215;220&Prime; img_link_large=\u00a0\u00bbyes\u00a0\u00bb][\/vc_column_inner][vc_column_inner width=\u00a0\u00bb1\/4&Prime;][vc_single_image image=\u00a0\u00bb1550&Prime; img_size=\u00a0\u00bb370&#215;220&Prime; img_link_large=\u00a0\u00bbyes\u00a0\u00bb][\/vc_column_inner][vc_column_inner width=\u00a0\u00bb1\/4&Prime;][vc_single_image image=\u00a0\u00bb1552&Prime; img_size=\u00a0\u00bb370&#215;220&Prime; img_link_large=\u00a0\u00bbyes\u00a0\u00bb][\/vc_column_inner][\/vc_row_inner][vc_row_inner][vc_column_inner width=\u00a0\u00bb1\/4&Prime;][vc_single_image image=\u00a0\u00bb1553&Prime; img_size=\u00a0\u00bb370&#215;220&Prime; img_link_large=\u00a0\u00bbyes\u00a0\u00bb][\/vc_column_inner][vc_column_inner width=\u00a0\u00bb1\/4&Prime;][vc_single_image image=\u00a0\u00bb1555&Prime; img_size=\u00a0\u00bb370&#215;220&Prime; img_link_large=\u00a0\u00bbyes\u00a0\u00bb][\/vc_column_inner][vc_column_inner width=\u00a0\u00bb1\/4&Prime;][vc_single_image image=\u00a0\u00bb1556&Prime; img_size=\u00a0\u00bb370&#215;220&Prime; img_link_large=\u00a0\u00bbyes\u00a0\u00bb][\/vc_column_inner][vc_column_inner width=\u00a0\u00bb1\/4&Prime;][vc_single_image image=\u00a0\u00bb1557&Prime; img_size=\u00a0\u00bb370&#215;220&Prime; img_link_large=\u00a0\u00bbyes\u00a0\u00bb][\/vc_column_inner][\/vc_row_inner][vc_row_inner][vc_column_inner width=\u00a0\u00bb1\/4&Prime;][vc_single_image image=\u00a0\u00bb1558&Prime; img_size=\u00a0\u00bb370&#215;220&Prime; img_link_large=\u00a0\u00bbyes\u00a0\u00bb][\/vc_column_inner][vc_column_inner width=\u00a0\u00bb1\/4&Prime;][vc_single_image image=\u00a0\u00bb1560&Prime; img_size=\u00a0\u00bb370&#215;220&Prime; img_link_large=\u00a0\u00bbyes\u00a0\u00bb][\/vc_column_inner][vc_column_inner width=\u00a0\u00bb1\/4&Prime;][vc_single_image image=\u00a0\u00bb1561&Prime; img_size=\u00a0\u00bb370&#215;220&Prime; img_link_large=\u00a0\u00bbyes\u00a0\u00bb][\/vc_column_inner][vc_column_inner width=\u00a0\u00bb1\/4&Prime;][vc_single_image image=\u00a0\u00bb1198&Prime; img_size=\u00a0\u00bb370&#215;220&Prime; img_link_large=\u00a0\u00bbyes\u00a0\u00bb][\/vc_column_inner][\/vc_row_inner][vc_row_inner][vc_column_inner width=\u00a0\u00bb1\/4&Prime;][vc_single_image image=\u00a0\u00bb1188&Prime; img_size=\u00a0\u00bb370&#215;220&Prime; img_link_large=\u00a0\u00bbyes\u00a0\u00bb][\/vc_column_inner][vc_column_inner width=\u00a0\u00bb1\/4&Prime;][vc_single_image image=\u00a0\u00bb1190&Prime; img_size=\u00a0\u00bb370&#215;220&Prime; img_link_large=\u00a0\u00bbyes\u00a0\u00bb][\/vc_column_inner][vc_column_inner width=\u00a0\u00bb1\/4&Prime;][vc_single_image image=\u00a0\u00bb1212&Prime; img_size=\u00a0\u00bb370&#215;220&Prime; img_link_large=\u00a0\u00bbyes\u00a0\u00bb][\/vc_column_inner][vc_column_inner width=\u00a0\u00bb1\/4&Prime;][vc_single_image image=\u00a0\u00bb1562&Prime; img_size=\u00a0\u00bb370&#215;220&Prime; img_link_large=\u00a0\u00bbyes\u00a0\u00bb][\/vc_column_inner][\/vc_row_inner][\/vc_column][vc_column width=\u00a0\u00bb1\/3&Prime;][vc_column_text]<\/p>\n<h4 style=\"text-align: justify;\">Vue d&rsquo;oeil d&rsquo;oiseau, la r\u00e9gion Marina Baja peut \u00eatre entrevu comme une mosa\u00efque color\u00e9e qui s&rsquo;\u00e9tend entre la mer et les grandes montagnes.<\/h4>\n<p style=\"text-align: justify;\">De pr\u00e8s, et avec un oeil sur les petites choses, il d\u00e9couvre le charme qui tient ses habitants, ses rues et ses habitants.<\/p>\n<p style=\"text-align: justify;\">Et si il ya une silhouette qui d\u00e9finit Altea, c&rsquo;est ce qui coupe l&rsquo;horizon teint\u00e9 d\u00f4mes bleus et blanc.<\/p>\n<p style=\"text-align: justify;\">Sa vieille ville, le tannage des rues et des escaliers en colima\u00e7on croissant \u00e0 l&rsquo;\u00e9glise de Notre-Dame de la Consolation, est la maison des artistes qui ont \u00e9t\u00e9 pris au pi\u00e8ge par sa lumi\u00e8re et de la beaut\u00e9.<\/p>\n<p style=\"text-align: justify;\">Pendant la journ\u00e9e, sa robe de fleur de maisons blanches depuis le balcon sur le trottoir &#8230; Et au cr\u00e9puscule, Altea semble plonger dans la mer pour accompagner le soleil sur sa pause.<\/p>\n<p>[\/vc_column_text][vc_column_text]<\/p>\n<p style=\"text-align: justify;\">Dans sa rive p\u00eachent coin du port et de la marina Luis Campomanes (Marina Greenwich), la plong\u00e9e, l&rsquo;aviron, la voile, le ski nautique et le surf et offre des mouillages de toutes les longueurs. \u00c9galement la possibilit\u00e9 de louer des bateaux avec ou sans skipper, en choisissant parmi une large gamme de bateaux \u00e0 moteur, voiliers, yachts, catamarans &#8230;<\/p>\n<p style=\"text-align: justify;\">A quelques miles de l\u00e0, le Club Nautico de Altea. Et le long de la c\u00f4te scintille vert Golf Don Cayo, avec neuf trous et un centre avec piscine, court de tennis et des instructeurs.<\/p>\n<p>[\/vc_column_text][\/vc_column][\/vc_row][vc_row][vc_column][vc_separator][vc_column_text]<\/p>\n<h1 style=\"text-align: center;\">LAS NEREIDAS\/ALTEA HILLS<\/h1>\n<p>[\/vc_column_text][\/vc_column][\/vc_row][vc_row][vc_column width=\u00a0\u00bb1\/3&Prime;][vc_column_text]<\/p>\n<p style=\"text-align: justify;\">L&rsquo;urbanisation Altea Hills est situ\u00e9 dans la ville d&rsquo;Altea, dans un endroit superbe vue sur la mer M\u00e9diterran\u00e9e et en laissant derri\u00e8re elle magnifique Bernia.<\/p>\n<p style=\"text-align: justify;\">Abrit\u00e9 par le microclimat fantastique de la r\u00e9gion, l&rsquo;Altea Hills urbanisation est un des quartiers les plus exclusifs de toute la c\u00f4te m\u00e9diterran\u00e9enne, en raison de ses excellentes installations, et la qualit\u00e9 de service qui assure la s\u00e9curit\u00e9 priv\u00e9e pendant 24 heures, 365 jours par an .<\/p>\n<p style=\"text-align: justify;\">Son incroyable vue sur la magnifique baie d&rsquo;Altea et les montagnes de la Marina Baixa nous plonger dans un paysage romantique, o\u00f9 le regard se perd.<\/p>\n<h4 style=\"text-align: justify;\">Un endroit id\u00e9al pour r\u00eaver \u00e0 rester \u00e9veill\u00e9<\/h4>\n<p>[\/vc_column_text][\/vc_column][vc_column width=\u00a0\u00bb2\/3&Prime;][vc_row_inner][vc_column_inner width=\u00a0\u00bb1\/4&Prime;][vc_single_image image=\u00a0\u00bb1572&Prime; img_size=\u00a0\u00bb370X220&Prime; img_link_large=\u00a0\u00bbyes\u00a0\u00bb][\/vc_column_inner][vc_column_inner width=\u00a0\u00bb1\/4&Prime;][vc_single_image image=\u00a0\u00bb1576&Prime; img_size=\u00a0\u00bb370X220&Prime; img_link_large=\u00a0\u00bbyes\u00a0\u00bb][\/vc_column_inner][vc_column_inner width=\u00a0\u00bb1\/4&Prime;][vc_single_image image=\u00a0\u00bb1250&Prime; img_size=\u00a0\u00bb370X220&Prime; img_link_large=\u00a0\u00bbyes\u00a0\u00bb][\/vc_column_inner][vc_column_inner width=\u00a0\u00bb1\/4&Prime;][vc_single_image image=\u00a0\u00bb1251&Prime; img_size=\u00a0\u00bb370X220&Prime; img_link_large=\u00a0\u00bbyes\u00a0\u00bb][\/vc_column_inner][\/vc_row_inner][vc_row_inner][vc_column_inner width=\u00a0\u00bb1\/4&Prime;][vc_single_image image=\u00a0\u00bb1252&Prime; img_size=\u00a0\u00bb370X220&Prime; img_link_large=\u00a0\u00bbyes\u00a0\u00bb][\/vc_column_inner][vc_column_inner width=\u00a0\u00bb1\/4&Prime;][vc_single_image image=\u00a0\u00bb2378&Prime; img_size=\u00a0\u00bb370&#215;280&Prime; img_link_large=\u00a0\u00bbyes\u00a0\u00bb][\/vc_column_inner][vc_column_inner width=\u00a0\u00bb1\/4&Prime;][vc_single_image image=\u00a0\u00bb1254&Prime; img_size=\u00a0\u00bb370X220&Prime; img_link_large=\u00a0\u00bbyes\u00a0\u00bb][\/vc_column_inner][vc_column_inner width=\u00a0\u00bb1\/4&Prime;][vc_single_image image=\u00a0\u00bb1257&Prime; img_size=\u00a0\u00bb370X220&Prime; img_link_large=\u00a0\u00bbyes\u00a0\u00bb][\/vc_column_inner][\/vc_row_inner][\/vc_column][\/vc_row][vc_row][vc_column][vc_separator][vc_column_text]<\/p>\n<h1 style=\"text-align: center;\">ALTEA: VUE DE NOS VILLAS<\/h1>\n<p>[\/vc_column_text][\/vc_column][\/vc_row][vc_row][vc_column width=\u00a0\u00bb2\/3&Prime;][vc_row_inner][vc_column_inner width=\u00a0\u00bb1\/4&Prime;][vc_single_image image=\u00a0\u00bb1583&Prime; img_size=\u00a0\u00bb370X220&Prime; img_link_large=\u00a0\u00bbyes\u00a0\u00bb][\/vc_column_inner][vc_column_inner width=\u00a0\u00bb1\/4&Prime;][vc_single_image image=\u00a0\u00bb933&Prime; img_size=\u00a0\u00bb370X220&Prime; img_link_large=\u00a0\u00bbyes\u00a0\u00bb][\/vc_column_inner][vc_column_inner width=\u00a0\u00bb1\/4&Prime;][vc_single_image image=\u00a0\u00bb932&Prime; img_size=\u00a0\u00bb370X220&Prime; img_link_large=\u00a0\u00bbyes\u00a0\u00bb][\/vc_column_inner][vc_column_inner width=\u00a0\u00bb1\/4&Prime;][vc_single_image image=\u00a0\u00bb1584&Prime; img_size=\u00a0\u00bb370X220&Prime; img_link_large=\u00a0\u00bbyes\u00a0\u00bb][\/vc_column_inner][\/vc_row_inner][vc_row_inner][vc_column_inner width=\u00a0\u00bb1\/4&Prime;][vc_single_image image=\u00a0\u00bb1236&Prime; img_size=\u00a0\u00bb370X220&Prime; img_link_large=\u00a0\u00bbyes\u00a0\u00bb][\/vc_column_inner][vc_column_inner width=\u00a0\u00bb1\/4&Prime;][vc_single_image image=\u00a0\u00bb1585&Prime; img_size=\u00a0\u00bb370X220&Prime; img_link_large=\u00a0\u00bbyes\u00a0\u00bb][\/vc_column_inner][vc_column_inner width=\u00a0\u00bb1\/4&Prime;][vc_single_image image=\u00a0\u00bb2592&Prime; img_size=\u00a0\u00bb370&#215;220&Prime; onclick=\u00a0\u00bbimg_link_large\u00a0\u00bb][\/vc_column_inner][vc_column_inner width=\u00a0\u00bb1\/4&Prime;][vc_single_image image=\u00a0\u00bb1237&Prime; img_size=\u00a0\u00bb370X220&Prime; img_link_large=\u00a0\u00bbyes\u00a0\u00bb][\/vc_column_inner][\/vc_row_inner][vc_row_inner][vc_column_inner width=\u00a0\u00bb1\/4&Prime;][vc_single_image image=\u00a0\u00bb1239&Prime; img_size=\u00a0\u00bb370&#215;220&Prime; onclick=\u00a0\u00bbimg_link_large\u00a0\u00bb][\/vc_column_inner][vc_column_inner width=\u00a0\u00bb1\/4&Prime;][\/vc_column_inner][vc_column_inner width=\u00a0\u00bb1\/4&Prime;][\/vc_column_inner][vc_column_inner width=\u00a0\u00bb1\/4&Prime;][\/vc_column_inner][\/vc_row_inner][\/vc_column][vc_column width=\u00a0\u00bb1\/3&Prime;][vc_column_text]<\/p>\n<p style=\"text-align: justify;\">Las Nereidas sont l&rsquo;une des enclaves les plus privil\u00e9gi\u00e9es de Altea. Face \u00e0 la mer et les montagnes nous offrent ces vues somptueuses et pittoresques qui nous invitent \u00e0 laisser notre imagination avec chaque lever de soleil et chaque coucher de soleil \u00e0 l&rsquo;horizon.<\/p>\n<p style=\"text-align: justify;\">Les maisons ont \u00e9t\u00e9 con\u00e7ues par des professionnels de renom, architectes et d\u00e9corateurs qui ont con\u00e7u en prenant soin de chaque d\u00e9tail afin d&rsquo;offrir le maximum de satisfaction et confort \u00e0 ses occupants et visiteurs.<\/p>\n<p style=\"text-align: justify;\">R\u00e9sultant dans un endroit agr\u00e9able \u00e0 vivre ou passer vos vacances, en couple ou entre amis Famille.<\/p>\n<p>[\/vc_column_text][\/vc_column][\/vc_row][vc_row][vc_column][vc_separator][vc_column_text]<\/p>\n<h1 style=\"text-align: center;\">COMMUNICATIONS<\/h1>\n<p>[\/vc_column_text][vc_row_inner][vc_column_inner width=\u00a0\u00bb1\/4&Prime;][vc_single_image image=\u00a0\u00bb1587&Prime; img_size=\u00a0\u00bb370&#215;480&Prime;][\/vc_column_inner][vc_column_inner width=\u00a0\u00bb3\/4&Prime;][vc_column_text]<\/p>\n<h4 style=\"text-align: justify;\">Facile et accessible, gr\u00e2ce \u00e0 son r\u00e9seau de communications terrestres, a\u00e9riens et maritimes, ce pays semble choyer le visiteur d\u00e8s son arriv\u00e9e tr\u00e8s.<\/h4>\n<p style=\"text-align: justify;\">A\u00e9roport El Altet (Alicante) est situ\u00e9 \u00e0 61 kilom\u00e8tres de Valence et 125, tous les deux ont des vols nationaux et internationaux. Par la route, l&rsquo;autoroute A-7 vient \u00e0 Altea et la N-332 traverse la population. Il dispose \u00e9galement d&rsquo;une station de chemin de fer et pr\u00e8s de Denia, o\u00f9 croisi\u00e8re ferries pour Ibiza et Palma de Mallorca<\/p>\n<p>[\/vc_column_text][\/vc_column_inner][\/vc_row_inner][\/vc_column][\/vc_row]<\/p>\n","protected":false},"excerpt":{"rendered":"<p>[vc_row][vc_column][vc_column_text] ALTEA: VILLE [\/vc_column_text][\/vc_column][\/vc_row][vc_row][vc_column width=\u00a0\u00bb2\/3&Prime;][vc_row_inner][vc_column_inner width=\u00a0\u00bb1\/4&Prime;][vc_single_image image=\u00a0\u00bb1193&Prime; img_size=\u00a0\u00bb370X220&Prime; img_link_large=\u00a0\u00bbyes\u00a0\u00bb][\/vc_column_inner][vc_column_inner width=\u00a0\u00bb1\/4&Prime;][vc_single_image image=\u00a0\u00bb1179&Prime; img_size=\u00a0\u00bb370X220&Prime; img_link_large=\u00a0\u00bbyes\u00a0\u00bb][\/vc_column_inner][vc_column_inner width=\u00a0\u00bb1\/4&Prime;][vc_single_image image=\u00a0\u00bb1569&Prime; img_size=\u00a0\u00bb370&#215;280&Prime; img_link_large=\u00a0\u00bbyes\u00a0\u00bb][\/vc_column_inner][vc_column_inner width=\u00a0\u00bb1\/4&Prime;][vc_single_image image=\u00a0\u00bb1548&Prime; img_size=\u00a0\u00bb370&#215;280&Prime; img_link_large=\u00a0\u00bbyes\u00a0\u00bb][\/vc_column_inner][\/vc_row_inner][vc_row_inner][vc_column_inner width=\u00a0\u00bb1\/4&Prime;][vc_single_image image=\u00a0\u00bb1559&Prime; img_size=\u00a0\u00bb370&#215;220&Prime; img_link_large=\u00a0\u00bbyes\u00a0\u00bb][\/vc_column_inner][vc_column_inner width=\u00a0\u00bb1\/4&Prime;][vc_single_image image=\u00a0\u00bb1247&Prime; img_size=\u00a0\u00bb370&#215;220&Prime; img_link_large=\u00a0\u00bbyes\u00a0\u00bb][\/vc_column_inner][vc_column_inner width=\u00a0\u00bb1\/4&Prime;][vc_single_image image=\u00a0\u00bb1248&Prime; img_size=\u00a0\u00bb370&#215;220&Prime; img_link_large=\u00a0\u00bbyes\u00a0\u00bb][\/vc_column_inner][vc_column_inner width=\u00a0\u00bb1\/4&Prime;][vc_single_image image=\u00a0\u00bb1549&Prime; img_size=\u00a0\u00bb370&#215;220&Prime; img_link_large=\u00a0\u00bbyes\u00a0\u00bb][\/vc_column_inner][\/vc_row_inner][vc_row_inner][vc_column_inner width=\u00a0\u00bb1\/4&Prime;][vc_single_image image=\u00a0\u00bb1249&Prime; img_size=\u00a0\u00bb370&#215;220&Prime; img_link_large=\u00a0\u00bbyes\u00a0\u00bb][\/vc_column_inner][vc_column_inner width=\u00a0\u00bb1\/4&Prime;][vc_single_image image=\u00a0\u00bb1171&Prime; img_size=\u00a0\u00bb370&#215;220&Prime; img_link_large=\u00a0\u00bbyes\u00a0\u00bb][\/vc_column_inner][vc_column_inner width=\u00a0\u00bb1\/4&Prime;][vc_single_image image=\u00a0\u00bb1550&Prime; img_size=\u00a0\u00bb370&#215;220&Prime; img_link_large=\u00a0\u00bbyes\u00a0\u00bb][\/vc_column_inner][vc_column_inner width=\u00a0\u00bb1\/4&Prime;][vc_single_image&#8230;<\/p>\n","protected":false},"author":1,"featured_media":0,"parent":0,"menu_order":0,"comment_status":"closed","ping_status":"closed","template":"","meta":{"_mbp_gutenberg_autopost":false,"spay_email":""},"_links":{"self":[{"href":"https:\/\/www.lasnereidasaltea.com\/fr\/wp-json\/wp\/v2\/pages\/2024"}],"collection":[{"href":"https:\/\/www.lasnereidasaltea.com\/fr\/wp-json\/wp\/v2\/pages"}],"about":[{"href":"https:\/\/www.lasnereidasaltea.com\/fr\/wp-json\/wp\/v2\/types\/page"}],"author":[{"embeddable":true,"href":"https:\/\/www.lasnereidasaltea.com\/fr\/wp-json\/wp\/v2\/users\/1"}],"replies":[{"embeddable":true,"href":"https:\/\/www.lasnereidasaltea.com\/fr\/wp-json\/wp\/v2\/comments?post=2024"}],"version-history":[{"count":15,"href":"https:\/\/www.lasnereidasaltea.com\/fr\/wp-json\/wp\/v2\/pages\/2024\/revisions"}],"predecessor-version":[{"id":6149,"href":"https:\/\/www.lasnereidasaltea.com\/fr\/wp-json\/wp\/v2\/pages\/2024\/revisions\/6149"}],"wp:attachment":[{"href":"https:\/\/www.lasnereidasaltea.com\/fr\/wp-json\/wp\/v2\/media?parent=2024"}],"curies":[{"name":"wp","href":"https:\/\/api.w.org\/{rel}","templated":true}]}}