{"id":1997,"date":"2014-03-31T07:30:13","date_gmt":"2014-03-31T07:30:13","guid":{"rendered":"http:\/\/www.lasnereidasaltea.com\/pagos-2\/"},"modified":"2014-08-01T08:42:25","modified_gmt":"2014-08-01T08:42:25","slug":"pagos","status":"publish","type":"page","link":"https:\/\/www.lasnereidasaltea.com\/fr\/pagos\/","title":{"rendered":"PAIEMENTS"},"content":{"rendered":"<h2 style=\"text-align: center;\">MODES DE PAIEMENT<\/h2>\n<h5><\/h5>\n<p>&nbsp;<\/p>\n<h2>CONDITIONS \u00c9CONOMIQUES POUR OCCUPATION VILLA<\/h2>\n<p>Les paiements seront effectu\u00e9s par:<br \/>\nvirement<br \/>\nCarte de cr\u00e9dit (POS)<br \/>\nPaypal<\/p>\n<p>Dans ce cas, vous ne pouvez pas effectuer le paiement en esp\u00e8ces comme il n&rsquo;ya pas de rencontre physique entre les deux parties.<br \/>\n<strong>Paiement tel que mentionn\u00e9 pr\u00e9c\u00e9demment comprend:<\/strong><\/p>\n<p>30% pay\u00e9e sur notre page web en ligne www.lasnereidasaltea.com fa\u00e7on.<br \/>\nLes 70% restants fourni 60 jours avant l&rsquo;entr\u00e9e du s\u00e9jour, sinon vous perdez 30% de la r\u00e9servation.<br \/>\nLe d\u00e9p\u00f4t sera livr\u00e9 en esp\u00e8ces ou par carte de cr\u00e9dit \u00e0 l&rsquo;arriv\u00e9e \u00e0 la villa. Demande de remboursement complet sera effectu\u00e9 dans les 7 jours apr\u00e8s le d\u00e9part de la propri\u00e9t\u00e9, \u00e0 condition que la villa est dans le m\u00eame \u00e9tat \u200b\u200bqu&rsquo;il a \u00e9t\u00e9 livr\u00e9 (\u00e0 moins que l&rsquo;utilisation rationnelle de d\u00e9t\u00e9rioration).<br \/>\nSi des services suppl\u00e9mentaires (de nettoyage, changement de linge, ect &#8230;) seront factur\u00e9s \u00e0 la fin de votre s\u00e9jour est n\u00e9cessaire pendant le s\u00e9jour.<\/p>\n","protected":false},"excerpt":{"rendered":"<p>MODES DE PAIEMENT &nbsp; CONDITIONS \u00c9CONOMIQUES POUR OCCUPATION VILLA Les paiements seront effectu\u00e9s par: virement Carte de cr\u00e9dit (POS) Paypal Dans ce cas, vous ne pouvez pas effectuer le paiement en esp\u00e8ces comme il n&rsquo;ya pas de rencontre physique entre les deux parties. Paiement tel que mentionn\u00e9 pr\u00e9c\u00e9demment comprend: 30%&#8230;<\/p>\n","protected":false},"author":1,"featured_media":0,"parent":0,"menu_order":0,"comment_status":"open","ping_status":"open","template":"","meta":{"_mbp_gutenberg_autopost":false,"spay_email":""},"_links":{"self":[{"href":"https:\/\/www.lasnereidasaltea.com\/fr\/wp-json\/wp\/v2\/pages\/1997"}],"collection":[{"href":"https:\/\/www.lasnereidasaltea.com\/fr\/wp-json\/wp\/v2\/pages"}],"about":[{"href":"https:\/\/www.lasnereidasaltea.com\/fr\/wp-json\/wp\/v2\/types\/page"}],"author":[{"embeddable":true,"href":"https:\/\/www.lasnereidasaltea.com\/fr\/wp-json\/wp\/v2\/users\/1"}],"replies":[{"embeddable":true,"href":"https:\/\/www.lasnereidasaltea.com\/fr\/wp-json\/wp\/v2\/comments?post=1997"}],"version-history":[{"count":2,"href":"https:\/\/www.lasnereidasaltea.com\/fr\/wp-json\/wp\/v2\/pages\/1997\/revisions"}],"predecessor-version":[{"id":2488,"href":"https:\/\/www.lasnereidasaltea.com\/fr\/wp-json\/wp\/v2\/pages\/1997\/revisions\/2488"}],"wp:attachment":[{"href":"https:\/\/www.lasnereidasaltea.com\/fr\/wp-json\/wp\/v2\/media?parent=1997"}],"curies":[{"name":"wp","href":"https:\/\/api.w.org\/{rel}","templated":true}]}}