{"id":1935,"date":"2013-10-18T12:48:44","date_gmt":"2013-10-18T12:48:44","guid":{"rendered":"http:\/\/www.lasnereidasaltea.com\/contacts-2\/"},"modified":"2020-10-26T22:57:55","modified_gmt":"2020-10-26T21:57:55","slug":"contacts","status":"publish","type":"page","link":"https:\/\/www.lasnereidasaltea.com\/fr\/contacts\/","title":{"rendered":"Contacter"},"content":{"rendered":"<p>[vc_row][vc_column][vc_gmaps link=\u00a0\u00bb#E-8_JTNDaWZyYW1lJTIwc3JjJTNEJTIyaHR0cHMlM0ElMkYlMkZ3d3cuZ29vZ2xlLmNvbSUyRm1hcHMlMkZlbWJlZCUzRnBiJTNEJTIxMW0xNCUyMTFtOCUyMTFtMyUyMTFkMTIzMjAuMzAzOTcxNzMzOTIzJTIxMmQtMC4zNzM4Njk5JTIxM2QzOS40Njc2MTE5JTIxM20yJTIxMWkxMDI0JTIxMmk3NjglMjE0ZjEzLjElMjEzbTMlMjExbTIlMjExczB4MCUyNTNBMHg0ODY1MTdmMjRiNmRmNzVmJTIxMnNTZXJ2aWNpb3MlMjUyMGUlMjUyMEludmVyc2lvbmVzJTI1MjBDYXNsYXIlMjUyQyUyNTIwUy5MLiUyMTVlMCUyMTNtMiUyMTFzZXMlMjEyc2VzJTIxNHYxNjAxODkzODg5NTYyJTIxNW0yJTIxMXNlcyUyMTJzZXMlMjIlMjB3aWR0aCUzRCUyMjYwMCUyMiUyMGhlaWdodCUzRCUyMjQ1MCUyMiUyMGZyYW1lYm9yZGVyJTNEJTIyMCUyMiUyMHN0eWxlJTNEJTIyYm9yZGVyJTNBMCUzQiUyMiUyMGFsbG93ZnVsbHNjcmVlbiUzRCUyMiUyMiUyMGFyaWEtaGlkZGVuJTNEJTIyZmFsc2UlMjIlMjB0YWJpbmRleCUzRCUyMjAlMjIlM0UlM0MlMkZpZnJhbWUlM0U=\u00a0\u00bb][\/vc_column][\/vc_row][vc_row][vc_column width=\u00a0\u00bb1\/2&Prime;]<div role=\"form\" class=\"wpcf7\" id=\"wpcf7-f5576-o1\" lang=\"fr-FR\" dir=\"ltr\">\n<div class=\"screen-reader-response\"><p role=\"status\" aria-live=\"polite\" aria-atomic=\"true\"><\/p> <ul><\/ul><\/div>\n<form action=\"\/fr\/wp-json\/wp\/v2\/pages\/1935#wpcf7-f5576-o1\" method=\"post\" class=\"wpcf7-form init\" novalidate=\"novalidate\" data-status=\"init\">\n<div style=\"display: none;\">\n<input type=\"hidden\" name=\"_wpcf7\" value=\"5576\" \/>\n<input type=\"hidden\" name=\"_wpcf7_version\" value=\"5.5.6\" \/>\n<input type=\"hidden\" name=\"_wpcf7_locale\" value=\"fr_FR\" \/>\n<input type=\"hidden\" name=\"_wpcf7_unit_tag\" value=\"wpcf7-f5576-o1\" \/>\n<input type=\"hidden\" name=\"_wpcf7_container_post\" value=\"0\" \/>\n<input type=\"hidden\" name=\"_wpcf7_posted_data_hash\" value=\"\" \/>\n<input type=\"hidden\" name=\"_wpcf7_recaptcha_response\" value=\"\" \/>\n<\/div>\n<p><label> Nom*<br \/>\n    <span class=\"wpcf7-form-control-wrap your-name\"><input type=\"text\" name=\"your-name\" value=\"\" size=\"40\" class=\"wpcf7-form-control wpcf7-text wpcf7-validates-as-required\" aria-required=\"true\" aria-invalid=\"false\" \/><\/span> <\/label><\/p>\n<p><label> Courriel*<br \/>\n    <span class=\"wpcf7-form-control-wrap your-email\"><input type=\"email\" name=\"your-email\" value=\"\" size=\"40\" class=\"wpcf7-form-control wpcf7-text wpcf7-email wpcf7-validates-as-required wpcf7-validates-as-email\" aria-required=\"true\" aria-invalid=\"false\" \/><\/span> <\/label><\/p>\n<p><label> Sujet*<br \/>\n    <span class=\"wpcf7-form-control-wrap your-subject\"><input type=\"text\" name=\"your-subject\" value=\"\" size=\"40\" class=\"wpcf7-form-control wpcf7-text wpcf7-validates-as-required\" aria-required=\"true\" aria-invalid=\"false\" \/><\/span> <\/label><\/p>\n<p><label> Message*<br \/>\n    <span class=\"wpcf7-form-control-wrap your-message\"><textarea name=\"your-message\" cols=\"40\" rows=\"10\" class=\"wpcf7-form-control wpcf7-textarea wpcf7-validates-as-required\" aria-required=\"true\" aria-invalid=\"false\"><\/textarea><\/span> <\/label><\/p>\n<p> A Las Nereidas Altea nous recueillons ces donn\u00e9es avec votre consentement expr\u00e8s exclusivement pour vous contacter, ne donnant pas ces donn\u00e9es \u00e0 des tiers, vous pouvez y acc\u00e9der, les rectifier ou demander leur suppression par e-mail \u00e0 l'entreprise.<\/p>\n<p><span class=\"wpcf7-form-control-wrap radio-826\"><span class=\"wpcf7-form-control wpcf7-radio\"><span class=\"wpcf7-list-item first last\"><label><input type=\"radio\" name=\"radio-826\" value=\"J&#039;accepte\" checked=\"checked\" \/><span class=\"wpcf7-list-item-label\">J&#039;accepte<\/span><\/label><\/span><\/span><\/span> la <a href=\"https:\/\/www.lasnereidasaltea.com\/politica-de-privacidad\/\" target=\"_blank\"> politique de confidentialit\u00e9<br \/>\n<\/a>.<\/p>\n<p><input type=\"submit\" value=\"Enviar\" class=\"wpcf7-form-control has-spinner wpcf7-submit\" \/><\/p>\n<div class=\"wpcf7-response-output\" aria-hidden=\"true\"><\/div><\/form><\/div>[\/vc_column][vc_column width=\u00a0\u00bb1\/2&Prime;][vc_column_text]<\/p>\n<h3>LAS NEREIDAS ALTEA<\/h3>\n<p>La ville de Altea est bien reli\u00e9 aux a\u00e9roports de Valence (a\u00e9roport de Manises) et Alicante (El Altet). Nous sommes deux kilom\u00e8tres Club Deportivo Luis Campomanes (Marina Greenwich-Mascarat) o\u00f9 les sports diff\u00e9rents cours d&rsquo;eau (\u00e9cole de plong\u00e9e, l&rsquo;aviron, la voile, le kayak, le ski nautique, surf, amarres, location jet-skis et des bateaux &#8230;) sont offerts et \u00e0 quelques kilom\u00e8tres de la club Nautique deAltea.<\/p>\n<p>Design, confort et tranquillit\u00e9 dans le meilleur quartier de Altea.<\/p>\n<h6>Coordonn\u00e9es<\/h6>\n<p>C\/Col\u00f3n 14 Entlo.A Valencia 46004<\/p>\n<p><strong>Tel:<\/strong> +34 96 126 23 41<br \/>\n<strong>M\u00f3v:<\/strong> +34 687 803 945<br \/>\n<strong>Email:<\/strong> <a href=\"mailto:info@lasnereidasaltea.com\">info@lasnereidasaltea.com<\/a><br \/>\n<strong>Web:<\/strong> <a href=\"www.lasnereidasaltea.com\">www.lasnereidasaltea.com<\/a>[\/vc_column_text][\/vc_column][\/vc_row]<\/p>\n","protected":false},"excerpt":{"rendered":"<p>[vc_row][vc_column][vc_gmaps link=\u00a0\u00bb#E-8_JTNDaWZyYW1lJTIwc3JjJTNEJTIyaHR0cHMlM0ElMkYlMkZ3d3cuZ29vZ2xlLmNvbSUyRm1hcHMlMkZlbWJlZCUzRnBiJTNEJTIxMW0xNCUyMTFtOCUyMTFtMyUyMTFkMTIzMjAuMzAzOTcxNzMzOTIzJTIxMmQtMC4zNzM4Njk5JTIxM2QzOS40Njc2MTE5JTIxM20yJTIxMWkxMDI0JTIxMmk3NjglMjE0ZjEzLjElMjEzbTMlMjExbTIlMjExczB4MCUyNTNBMHg0ODY1MTdmMjRiNmRmNzVmJTIxMnNTZXJ2aWNpb3MlMjUyMGUlMjUyMEludmVyc2lvbmVzJTI1MjBDYXNsYXIlMjUyQyUyNTIwUy5MLiUyMTVlMCUyMTNtMiUyMTFzZXMlMjEyc2VzJTIxNHYxNjAxODkzODg5NTYyJTIxNW0yJTIxMXNlcyUyMTJzZXMlMjIlMjB3aWR0aCUzRCUyMjYwMCUyMiUyMGhlaWdodCUzRCUyMjQ1MCUyMiUyMGZyYW1lYm9yZGVyJTNEJTIyMCUyMiUyMHN0eWxlJTNEJTIyYm9yZGVyJTNBMCUzQiUyMiUyMGFsbG93ZnVsbHNjcmVlbiUzRCUyMiUyMiUyMGFyaWEtaGlkZGVuJTNEJTIyZmFsc2UlMjIlMjB0YWJpbmRleCUzRCUyMjAlMjIlM0UlM0MlMkZpZnJhbWUlM0U=\u00a0\u00bb][\/vc_column][\/vc_row][vc_row][vc_column width=\u00a0\u00bb1\/2&Prime;][\/vc_column][vc_column width=\u00a0\u00bb1\/2&Prime;][vc_column_text] LAS NEREIDAS ALTEA La ville de Altea est bien reli\u00e9 aux a\u00e9roports de Valence (a\u00e9roport de Manises) et Alicante (El Altet). Nous sommes deux kilom\u00e8tres Club Deportivo Luis Campomanes (Marina Greenwich-Mascarat) o\u00f9 les sports diff\u00e9rents cours d&rsquo;eau (\u00e9cole de plong\u00e9e, l&rsquo;aviron, la voile, le kayak, le&#8230;<\/p>\n","protected":false},"author":1,"featured_media":0,"parent":0,"menu_order":0,"comment_status":"closed","ping_status":"closed","template":"","meta":{"_mbp_gutenberg_autopost":false,"spay_email":""},"_links":{"self":[{"href":"https:\/\/www.lasnereidasaltea.com\/fr\/wp-json\/wp\/v2\/pages\/1935"}],"collection":[{"href":"https:\/\/www.lasnereidasaltea.com\/fr\/wp-json\/wp\/v2\/pages"}],"about":[{"href":"https:\/\/www.lasnereidasaltea.com\/fr\/wp-json\/wp\/v2\/types\/page"}],"author":[{"embeddable":true,"href":"https:\/\/www.lasnereidasaltea.com\/fr\/wp-json\/wp\/v2\/users\/1"}],"replies":[{"embeddable":true,"href":"https:\/\/www.lasnereidasaltea.com\/fr\/wp-json\/wp\/v2\/comments?post=1935"}],"version-history":[{"count":4,"href":"https:\/\/www.lasnereidasaltea.com\/fr\/wp-json\/wp\/v2\/pages\/1935\/revisions"}],"predecessor-version":[{"id":5571,"href":"https:\/\/www.lasnereidasaltea.com\/fr\/wp-json\/wp\/v2\/pages\/1935\/revisions\/5571"}],"wp:attachment":[{"href":"https:\/\/www.lasnereidasaltea.com\/fr\/wp-json\/wp\/v2\/media?parent=1935"}],"curies":[{"name":"wp","href":"https:\/\/api.w.org\/{rel}","templated":true}]}}