{"id":1863,"date":"2014-02-18T06:12:59","date_gmt":"2014-02-18T06:12:59","guid":{"rendered":"http:\/\/www.lasnereidasaltea.com\/pagina-de-prueba-2\/"},"modified":"2020-11-04T13:33:03","modified_gmt":"2020-11-04T12:33:03","slug":"pagina-de-prueba","status":"publish","type":"page","link":"https:\/\/www.lasnereidasaltea.com\/fr\/","title":{"rendered":"HOME-FR"},"content":{"rendered":"<p>[vc_row][vc_column][vc_column_text]<\/p>\n\n\t\t\t<!-- START nereidas1 REVOLUTION SLIDER 6.2.23 --><p class=\"rs-p-wp-fix\"><\/p>\n\t\t\t<rs-module-wrap id=\"rev_slider_1_1_wrapper\" data-source=\"gallery\" data-aimg=\"\"  style=\"background:#E9E9E9;padding:0;margin:0px auto;margin-top:0;margin-bottom:0;\">\n\t\t\t\t<rs-module id=\"rev_slider_1_1\" style=\"\" data-version=\"6.2.23\">\n\t\t\t\t\t<rs-slides>\n\t\t\t\t\t\t<rs-slide data-key=\"rs-1\" data-title=\"Slide\" data-anim=\"ei:d;eo:d;s:600;r:0;t:fade;sl:7;\">\n\t\t\t\t\t\t\t<img src=\"\/\/www.lasnereidasaltea.com\/wp-content\/uploads\/2014\/05\/1.Primera.jpg\" title=\"HOME-FR\" data-bg=\"p:center top;\" class=\"rev-slidebg\" data-no-retina alt=\"\">\n<!---->\t\t\t\t\t\t<\/rs-slide>\n\t\t\t\t\t\t<rs-slide data-key=\"rs-2\" data-title=\"Slide\" data-anim=\"ei:d;eo:d;s:600;r:0;t:fade;sl:7;\">\n\t\t\t\t\t\t\t<img src=\"\/\/www.lasnereidasaltea.com\/wp-content\/uploads\/2014\/05\/2.Segunda.jpg\" title=\"HOME-FR\" data-bg=\"p:center top;\" class=\"rev-slidebg\" data-no-retina alt=\"\">\n<!---->\t\t\t\t\t\t<\/rs-slide>\n\t\t\t\t\t\t<rs-slide data-key=\"rs-3\" data-title=\"Slide\" data-anim=\"ei:d;eo:d;s:600;r:0;t:fade;sl:7;\">\n\t\t\t\t\t\t\t<img src=\"\/\/www.lasnereidasaltea.com\/wp-content\/uploads\/2014\/05\/3.Tercera.jpg\" title=\"HOME-FR\" data-bg=\"p:center top;\" class=\"rev-slidebg\" data-no-retina alt=\"\">\n<!---->\t\t\t\t\t\t<\/rs-slide>\n\t\t\t\t\t\t<rs-slide data-key=\"rs-4\" data-title=\"Slide\" data-anim=\"ei:d;eo:d;s:600;r:0;t:fade;sl:7;\">\n\t\t\t\t\t\t\t<img src=\"\/\/www.lasnereidasaltea.com\/wp-content\/uploads\/2014\/05\/4.Cuarta.jpg\" title=\"HOME-FR\" data-bg=\"p:center top;\" class=\"rev-slidebg\" data-no-retina alt=\"\">\n<!---->\t\t\t\t\t\t<\/rs-slide>\n\t\t\t\t\t\t<rs-slide data-key=\"rs-5\" data-title=\"Slide\" data-anim=\"ei:d;eo:d;s:600;r:0;t:fade;sl:7;\">\n\t\t\t\t\t\t\t<img src=\"\/\/www.lasnereidasaltea.com\/wp-content\/uploads\/2014\/05\/5.Quinta.jpg\" title=\"HOME-FR\" data-bg=\"p:center top;\" class=\"rev-slidebg\" data-no-retina alt=\"\">\n<!---->\t\t\t\t\t\t<\/rs-slide>\n\t\t\t\t\t<\/rs-slides>\n\t\t\t\t<\/rs-module>\n\t\t\t\t<script type=\"text\/javascript\">\n\t\t\t\t\tsetREVStartSize({c: 'rev_slider_1_1',rl:[1240,1024,778,480],el:[],gw:[1100],gh:[600],type:'standard',justify:'',layout:'fullwidth',mh:\"0\"});\n\t\t\t\t\tvar\trevapi1,\n\t\t\t\t\t\ttpj;\n\t\t\t\t\tfunction revinit_revslider11() {\n\t\t\t\t\tjQuery(function() {\n\t\t\t\t\t\ttpj = jQuery;\n\t\t\t\t\t\trevapi1 = tpj(\"#rev_slider_1_1\");\n\t\t\t\t\t\ttpj.noConflict();\n\t\t\t\t\t\tif(revapi1==undefined || revapi1.revolution == undefined){\n\t\t\t\t\t\t\trevslider_showDoubleJqueryError(\"rev_slider_1_1\");\n\t\t\t\t\t\t}else{\n\t\t\t\t\t\t\trevapi1.revolution({\n\t\t\t\t\t\t\t\tsliderLayout:\"fullwidth\",\n\t\t\t\t\t\t\t\tvisibilityLevels:\"1240,1024,778,480\",\n\t\t\t\t\t\t\t\tgridwidth:1100,\n\t\t\t\t\t\t\t\tgridheight:600,\n\t\t\t\t\t\t\t\tspinner:\"spinner5\",\n\t\t\t\t\t\t\t\tperspectiveType:\"local\",\n\t\t\t\t\t\t\t\tresponsiveLevels:\"1240,1024,778,480\",\n\t\t\t\t\t\t\t\tshadow:2,\n\t\t\t\t\t\t\t\tprogressBar: {\n\t\t\t\t\t\t\t\t\tcolor:\"#FFFFFF\",\n\t\t\t\t\t\t\t\t\tvertical:\"top\",\n\t\t\t\t\t\t\t\t\tsize:5\n\t\t\t\t\t\t\t\t},\n\t\t\t\t\t\t\t\tnavigation: {\n\t\t\t\t\t\t\t\t\tmouseScrollNavigation:false,\n\t\t\t\t\t\t\t\t\ttouch: {\n\t\t\t\t\t\t\t\t\t\ttouchenabled:true\n\t\t\t\t\t\t\t\t\t}\n\t\t\t\t\t\t\t\t},\n\t\t\t\t\t\t\t\tfallbacks: {\n\t\t\t\t\t\t\t\t\tsimplifyAll:\"\",\n\t\t\t\t\t\t\t\t\tallowHTML5AutoPlayOnAndroid:true\n\t\t\t\t\t\t\t\t},\n\t\t\t\t\t\t\t});\n\t\t\t\t\t\t}\n\t\t\t\t\t\t\n\t\t\t\t\t});\n\t\t\t\t\t} \/\/ End of RevInitScript\n\t\t\t\tvar once_revslider11 = false;\n\t\t\t\tif (document.readyState === \"loading\") {document.addEventListener('readystatechange',function() { if((document.readyState === \"interactive\" || document.readyState === \"complete\") && !once_revslider11 ) { once_revslider11 = true; revinit_revslider11();}});} else {once_revslider11 = true; revinit_revslider11();}\n\t\t\t\t<\/script>\n\t\t\t<\/rs-module-wrap>\n\t\t\t<!-- END REVOLUTION SLIDER -->\n\n<p>&nbsp;<\/p>\n<p>[\/vc_column_text][\/vc_column][\/vc_row][vc_row][vc_column][\/vc_column][\/vc_row][vc_row][vc_column][vc_separator type=\u00a0\u00bbspace\u00a0\u00bb height=\u00a0\u00bb20&Prime;][\/vc_column][\/vc_row][vc_row][vc_column width=\u00a0\u00bb1\/3&Prime;][vc_column_text]<\/p>\n<h2>L&rsquo;UNIVERS DE ALTEA<\/h2>\n<p>&nbsp;<\/p>\n<p>[\/vc_column_text][vc_column_text]Zone de Altea. Un environnement \u00e9tonnant de d\u00e9couvrir o\u00f9 le climat, les paysages, la cuisine, la tradition et de divertissement, ne sont pas contest\u00e9s patrimoine de la r\u00e9gion. Cliquez pour y acc\u00e9der.[\/vc_column_text][vc_column_text]Ou si vous pr\u00e9f\u00e9rez l&rsquo;acc\u00e8s \u00e0 notre s\u00e9lection spectaculaire de villas exclusives via le lien sur la droite.[\/vc_column_text][\/vc_column][vc_column width=\u00a0\u00bb1\/3&Prime;][vc_column_text]<\/p>\n<h2 style=\"text-align: center; font-size: 15px;\">ACC\u00c8S \u00c0 L&rsquo;ENVIRONNEMENT<\/h2>\n<p>[\/vc_column_text][vc_single_image image=\u00a0\u00bb1171&Prime; img_size=\u00a0\u00bb370&#215;220&Prime; css_animation=\u00a0\u00bbright-to-left\u00a0\u00bb img_link=\u00a0\u00bbhttp:\/\/www.lasnereidasaltea.com\/fr\/altea\/\u00a0\u00bb][\/vc_column][vc_column width=\u00a0\u00bb1\/3&Prime;][vc_column_text]<\/p>\n<h2 style=\"text-align: center; font-size: 15px;\">ACC\u00c8S \u00c0 LA VILLAS<\/h2>\n<p>[\/vc_column_text][vc_single_image image=\u00a0\u00bb893&Prime; img_size=\u00a0\u00bb370&#215;220&Prime; css_animation=\u00a0\u00bbright-to-left\u00a0\u00bb img_link=\u00a0\u00bbhttp:\/\/www.lasnereidasaltea.com\/fr\/nuestras-villas\/\u00a0\u00bb][\/vc_column][\/vc_row][vc_row][vc_column][vc_separator type=\u00a0\u00bbspace\u00a0\u00bb height=\u00a0\u00bb20&Prime;][\/vc_column][\/vc_row][vc_row][vc_column width=\u00a0\u00bb2\/3&Prime;][vc_video link=\u00a0\u00bbhttps:\/\/www.youtube.com\/watch?v=QS5qt2I35sc\u00a0\u00bb][\/vc_column][vc_column width=\u00a0\u00bb1\/3&Prime;][vc_single_image image=\u00a0\u00bb518&Prime; img_size=\u00a0\u00bb370&#215;220&Prime; img_link=\u00a0\u00bbhttp:\/\/www.lasnereidasaltea.com\/fr\/noticias\/\u00a0\u00bb][vc_column_text]<\/p>\n<h2 style=\"text-align: center;\">NOUVELLES<\/h2>\n<p>[\/vc_column_text][vc_column_text]Acc\u00e9dez \u00e0 notre section de nouvelles. Vous trouverez des nouvelles sur Les N\u00e9r\u00e9ides, de l&rsquo;environnement, le tourisme dans la r\u00e9gion et des activit\u00e9s compl\u00e9mentaires.[\/vc_column_text][\/vc_column][\/vc_row]<\/p>\n","protected":false},"excerpt":{"rendered":"<p>[vc_row][vc_column][vc_column_text] &nbsp; [\/vc_column_text][\/vc_column][\/vc_row][vc_row][vc_column][\/vc_column][\/vc_row][vc_row][vc_column][vc_separator type=\u00a0\u00bbspace\u00a0\u00bb height=\u00a0\u00bb20&Prime;][\/vc_column][\/vc_row][vc_row][vc_column width=\u00a0\u00bb1\/3&Prime;][vc_column_text] L&rsquo;UNIVERS DE ALTEA &nbsp; [\/vc_column_text][vc_column_text]Zone de Altea. Un environnement \u00e9tonnant de d\u00e9couvrir o\u00f9 le climat, les paysages, la cuisine, la tradition et de divertissement, ne sont pas contest\u00e9s patrimoine de la r\u00e9gion. Cliquez pour y acc\u00e9der.[\/vc_column_text][vc_column_text]Ou si vous pr\u00e9f\u00e9rez l&rsquo;acc\u00e8s \u00e0 notre s\u00e9lection spectaculaire&#8230;<\/p>\n","protected":false},"author":1,"featured_media":0,"parent":0,"menu_order":0,"comment_status":"closed","ping_status":"closed","template":"","meta":{"_mbp_gutenberg_autopost":false,"spay_email":""},"_links":{"self":[{"href":"https:\/\/www.lasnereidasaltea.com\/fr\/wp-json\/wp\/v2\/pages\/1863"}],"collection":[{"href":"https:\/\/www.lasnereidasaltea.com\/fr\/wp-json\/wp\/v2\/pages"}],"about":[{"href":"https:\/\/www.lasnereidasaltea.com\/fr\/wp-json\/wp\/v2\/types\/page"}],"author":[{"embeddable":true,"href":"https:\/\/www.lasnereidasaltea.com\/fr\/wp-json\/wp\/v2\/users\/1"}],"replies":[{"embeddable":true,"href":"https:\/\/www.lasnereidasaltea.com\/fr\/wp-json\/wp\/v2\/comments?post=1863"}],"version-history":[{"count":7,"href":"https:\/\/www.lasnereidasaltea.com\/fr\/wp-json\/wp\/v2\/pages\/1863\/revisions"}],"predecessor-version":[{"id":6230,"href":"https:\/\/www.lasnereidasaltea.com\/fr\/wp-json\/wp\/v2\/pages\/1863\/revisions\/6230"}],"wp:attachment":[{"href":"https:\/\/www.lasnereidasaltea.com\/fr\/wp-json\/wp\/v2\/media?parent=1863"}],"curies":[{"name":"wp","href":"https:\/\/api.w.org\/{rel}","templated":true}]}}